{"id":31,"date":"2020-03-20T13:47:59","date_gmt":"2020-03-20T12:47:59","guid":{"rendered":"http:\/\/cfb-neuropsychologue.fr\/?page_id=31"},"modified":"2025-10-03T12:14:01","modified_gmt":"2025-10-03T10:14:01","slug":"pourquoi-consulter-une-neuropsychologue","status":"publish","type":"page","link":"https:\/\/cfb-neuropsychologue.fr\/index.php\/pourquoi-consulter-une-neuropsychologue\/","title":{"rendered":"Pourquoi consulter ?"},"content":{"rendered":"\n<p style=\"font-size:12px\"><em>Je re\u00e7ois les <strong>adultes<\/strong> <em><em>(\u00e0 partir de 18 ans)<\/em><\/em> qui peuvent se questionner sur certains des \u00e9l\u00e9ments suivants (cette liste n\u2019\u00e9tant pas exhaustive) :&nbsp;<\/em><\/p>\n\n\n\n<p style=\"font-size:12px\">&#8211; <span style=\"text-decoration: underline;\"><strong>Attention et concentration<\/strong><\/span> : rester concentr\u00e9 sur une t\u00e2che, rester attentif lors d&rsquo;une conversation, parvenir \u00e0 suivre les cours, \u00eatre distrait ou d\u00e9concentr\u00e9 par des \u00e9l\u00e9ments de l&rsquo;environnement (<em>les bruits, les objets, les personnes autour<\/em>), difficult\u00e9 pour faire plusieurs t\u00e2ches en m\u00eame temps, rester assis et calme en classe, <em>etc<\/em>.<\/p>\n\n\n\n<p style=\"font-size:12px\">&#8211; <strong><span style=\"text-decoration: underline;\">M\u00e9morisation<\/span><\/strong> : m\u00e9moriser et se souvenir de certaines informations, de certains \u00e9v\u00e9nements pass\u00e9s ou \u00e0 venir, de choses \u00e0 faire, <em>etc<\/em>.<\/p>\n\n\n\n<p style=\"font-size:12px\">&#8211; <strong><span style=\"text-decoration: underline;\">Raisonnement et compr\u00e9hension<\/span><\/strong> : comprendre ce qui est dit, ce qui est fait, parvenir \u00e0 faire des liens logiques entre les choses, <em>etc.<\/em><\/p>\n\n\n\n<p style=\"font-size:12px\">&#8211; <strong><span style=\"text-decoration: underline;\">Organisation et planification des choses ou des pens\u00e9es<\/span><\/strong> : organiser et g\u00e9rer des choses de la vie quotidienne, dans le travail, \u00e0 l&rsquo;\u00e9cole, avoir l&rsquo;impression que les pens\u00e9es n&rsquo;ont pas de fil conducteur, que le discours peut parfois \u00eatre d\u00e9cousu, g\u00e9rer son temps, <em>etc<\/em>.<\/p>\n\n\n\n<p style=\"font-size:12px\">&#8211; <strong><span style=\"text-decoration: underline;\">Inhibition et pouvoir \u00ab <em>s&#8217;emp\u00eacher de<\/em> \u00bb<\/span><\/strong> : impulsivit\u00e9, capacit\u00e9 \u00e0 attendre son tour avant de parler dans les conversations, couper la parole, <em>etc<\/em>.<\/p>\n\n\n\n<p style=\"font-size:12px\">&#8211; <strong><span style=\"text-decoration: underline;\">Adaptation \u00e0 de nouvelles situations<\/span><\/strong>: g\u00e9rer des impr\u00e9vus, trouver des solutions lorsqu\u2019un probl\u00e8me se pr\u00e9sente, <em>etc<\/em>.<\/p>\n\n\n\n<p style=\"font-size:12px\">&#8211; <strong><span style=\"text-decoration: underline;\">Vitesse<\/span><\/strong> : de compr\u00e9hension ou de r\u00e9alisation de certaines activit\u00e9s, <em>etc<\/em>.<\/p>\n\n\n\n<p style=\"font-size:12px\">&#8211; <strong><span style=\"text-decoration: underline;\">Reconnaissance des \u00e9motions ou compr\u00e9hension des intentions des autres<\/span><\/strong> : percevoir lorsque quelqu&rsquo;un ressent telle \u00e9motion, pouvoir agir en fonction de celle ci, \u00eatre capable de se mettre \u00ab\u00a0<em>\u00e0 la place de l&rsquo;autre<\/em>\u00ab\u00a0, <em>etc<\/em>.<br><br><\/p>\n\n\n\n<p class=\"has-drop-cap has-small-font-size\"><em><strong>Quelles que soient les questions que vous vous posez ou les difficult\u00e9s rencontr\u00e9es, le bilan neuropsychologique est une aide de compr\u00e9hension, et peut permettre une orientation et\/ou un accompagnement qui sont adapt\u00e9s aux besoins.<\/strong><\/em><\/p>\n","protected":false},"excerpt":{"rendered":"<p>Je re\u00e7ois les adultes (\u00e0 partir de 18 ans) qui peuvent se questionner sur certains des \u00e9l\u00e9ments suivants (cette liste n\u2019\u00e9tant pas exhaustive) :&nbsp; &#8211; Attention et concentration : rester concentr\u00e9 sur une t\u00e2che, rester attentif lors d&rsquo;une conversation, parvenir \u00e0 suivre les cours, \u00eatre distrait ou d\u00e9concentr\u00e9 par des \u00e9l\u00e9ments de l&rsquo;environnement (les bruits, &hellip; <\/p>\n","protected":false},"author":1,"featured_media":364,"parent":0,"menu_order":0,"comment_status":"closed","ping_status":"closed","template":"","meta":[],"yoast_head":"<!-- This site is optimized with the Yoast SEO plugin v14.8.1 - https:\/\/yoast.com\/wordpress\/plugins\/seo\/ -->\n<title>Pourquoi consulter ? - Caroline Boissi\u00e8re \u2022 Psychologue Neuropsychologue<\/title>\n<meta name=\"description\" content=\"Caroline Boissi\u00e8re, Psychologue neuropsychologue \u00e0 Angers. Bilans neuropsychologiques - EMDR - Apprentissages - Haut Potentiel - Autisme\" \/>\n<meta name=\"robots\" content=\"index, follow\" \/>\n<meta name=\"googlebot\" content=\"index, follow, max-snippet:-1, max-image-preview:large, max-video-preview:-1\" \/>\n<meta name=\"bingbot\" content=\"index, follow, max-snippet:-1, max-image-preview:large, max-video-preview:-1\" \/>\n<link rel=\"canonical\" href=\"http:\/\/cfb-neuropsychologue.fr\/index.php\/pourquoi-consulter-une-neuropsychologue\/\" \/>\n<meta property=\"og:locale\" content=\"fr_FR\" \/>\n<meta property=\"og:type\" content=\"article\" \/>\n<meta property=\"og:title\" content=\"Pourquoi consulter ? - Caroline Boissi\u00e8re \u2022 Psychologue Neuropsychologue\" \/>\n<meta property=\"og:description\" content=\"Caroline Boissi\u00e8re, Psychologue neuropsychologue \u00e0 Angers. Bilans neuropsychologiques - EMDR - Apprentissages - Haut Potentiel - Autisme\" \/>\n<meta property=\"og:url\" content=\"http:\/\/cfb-neuropsychologue.fr\/index.php\/pourquoi-consulter-une-neuropsychologue\/\" \/>\n<meta property=\"og:site_name\" content=\"Caroline Boissi\u00e8re \u2022 Psychologue Neuropsychologue\" \/>\n<meta property=\"article:modified_time\" content=\"2025-10-03T10:14:01+00:00\" \/>\n<meta property=\"og:image\" content=\"https:\/\/cfb-neuropsychologue.fr\/wp-content\/uploads\/2020\/06\/pansasunavee151000023.jpg\" \/>\n\t<meta property=\"og:image:width\" content=\"450\" \/>\n\t<meta property=\"og:image:height\" content=\"450\" \/>\n<meta name=\"twitter:card\" content=\"summary_large_image\" \/>\n<script type=\"application\/ld+json\" class=\"yoast-schema-graph\">{\"@context\":\"https:\/\/schema.org\",\"@graph\":[{\"@type\":[\"Person\",\"Organization\"],\"@id\":\"https:\/\/cfb-neuropsychologue.fr\/#\/schema\/person\/bbca9f9e376f2cacc0a869e1eb27d296\",\"name\":\"Caroline Boissi\\u00e8re\",\"image\":{\"@type\":\"ImageObject\",\"@id\":\"https:\/\/cfb-neuropsychologue.fr\/#personlogo\",\"inLanguage\":\"fr-FR\",\"url\":\"https:\/\/secure.gravatar.com\/avatar\/1cd1c8de6b430fb9bd6ec3f4a4827438?s=96&d=mm&r=g\",\"caption\":\"Caroline Boissi\\u00e8re\"},\"logo\":{\"@id\":\"https:\/\/cfb-neuropsychologue.fr\/#personlogo\"}},{\"@type\":\"WebSite\",\"@id\":\"https:\/\/cfb-neuropsychologue.fr\/#website\",\"url\":\"https:\/\/cfb-neuropsychologue.fr\/\",\"name\":\"Caroline Boissi\\u00e8re \\u2022 Psychologue Neuropsychologue\",\"description\":\"Angers - centre ville\",\"publisher\":{\"@id\":\"https:\/\/cfb-neuropsychologue.fr\/#\/schema\/person\/bbca9f9e376f2cacc0a869e1eb27d296\"},\"potentialAction\":[{\"@type\":\"SearchAction\",\"target\":\"https:\/\/cfb-neuropsychologue.fr\/?s={search_term_string}\",\"query-input\":\"required name=search_term_string\"}],\"inLanguage\":\"fr-FR\"},{\"@type\":\"ImageObject\",\"@id\":\"http:\/\/cfb-neuropsychologue.fr\/index.php\/pourquoi-consulter-une-neuropsychologue\/#primaryimage\",\"inLanguage\":\"fr-FR\",\"url\":\"https:\/\/cfb-neuropsychologue.fr\/wp-content\/uploads\/2020\/06\/pansasunavee151000023.jpg\",\"width\":450,\"height\":450},{\"@type\":\"WebPage\",\"@id\":\"http:\/\/cfb-neuropsychologue.fr\/index.php\/pourquoi-consulter-une-neuropsychologue\/#webpage\",\"url\":\"http:\/\/cfb-neuropsychologue.fr\/index.php\/pourquoi-consulter-une-neuropsychologue\/\",\"name\":\"Pourquoi consulter ? - Caroline Boissi\\u00e8re \\u2022 Psychologue Neuropsychologue\",\"isPartOf\":{\"@id\":\"https:\/\/cfb-neuropsychologue.fr\/#website\"},\"primaryImageOfPage\":{\"@id\":\"http:\/\/cfb-neuropsychologue.fr\/index.php\/pourquoi-consulter-une-neuropsychologue\/#primaryimage\"},\"datePublished\":\"2020-03-20T12:47:59+00:00\",\"dateModified\":\"2025-10-03T10:14:01+00:00\",\"description\":\"Caroline Boissi\\u00e8re, Psychologue neuropsychologue \\u00e0 Angers. Bilans neuropsychologiques - EMDR - Apprentissages - Haut Potentiel - Autisme\",\"inLanguage\":\"fr-FR\",\"potentialAction\":[{\"@type\":\"ReadAction\",\"target\":[\"http:\/\/cfb-neuropsychologue.fr\/index.php\/pourquoi-consulter-une-neuropsychologue\/\"]}]}]}<\/script>\n<!-- \/ Yoast SEO plugin. -->","_links":{"self":[{"href":"https:\/\/cfb-neuropsychologue.fr\/index.php\/wp-json\/wp\/v2\/pages\/31"}],"collection":[{"href":"https:\/\/cfb-neuropsychologue.fr\/index.php\/wp-json\/wp\/v2\/pages"}],"about":[{"href":"https:\/\/cfb-neuropsychologue.fr\/index.php\/wp-json\/wp\/v2\/types\/page"}],"author":[{"embeddable":true,"href":"https:\/\/cfb-neuropsychologue.fr\/index.php\/wp-json\/wp\/v2\/users\/1"}],"replies":[{"embeddable":true,"href":"https:\/\/cfb-neuropsychologue.fr\/index.php\/wp-json\/wp\/v2\/comments?post=31"}],"version-history":[{"count":22,"href":"https:\/\/cfb-neuropsychologue.fr\/index.php\/wp-json\/wp\/v2\/pages\/31\/revisions"}],"predecessor-version":[{"id":513,"href":"https:\/\/cfb-neuropsychologue.fr\/index.php\/wp-json\/wp\/v2\/pages\/31\/revisions\/513"}],"wp:featuredmedia":[{"embeddable":true,"href":"https:\/\/cfb-neuropsychologue.fr\/index.php\/wp-json\/wp\/v2\/media\/364"}],"wp:attachment":[{"href":"https:\/\/cfb-neuropsychologue.fr\/index.php\/wp-json\/wp\/v2\/media?parent=31"}],"curies":[{"name":"wp","href":"https:\/\/api.w.org\/{rel}","templated":true}]}}