{"id":27,"date":"2020-03-20T13:47:49","date_gmt":"2020-03-20T12:47:49","guid":{"rendered":"http:\/\/cfb-neuropsychologue.fr\/?page_id=27"},"modified":"2025-10-03T12:15:31","modified_gmt":"2025-10-03T10:15:31","slug":"qui-suis-je","status":"publish","type":"page","link":"https:\/\/cfb-neuropsychologue.fr\/index.php\/qui-suis-je\/","title":{"rendered":"Qui suis-je ?"},"content":{"rendered":"\n<p style=\"font-size:12px\">Je suis dipl\u00f4m\u00e9e du Master 2 de <strong>Psychologie sp\u00e9cialit\u00e9 Neuropsychologie de l\u2019Universit\u00e9 Savoie Mont Blanc de Chamb\u00e9ry<\/strong> (<em>N\u00b0 ADELI : <\/em>49 93 1179 3).<\/p>\n\n\n\n<p style=\"font-size:12px\">J\u2019ai effectu\u00e9 des stages professionnalisants, particuli\u00e8rement dans le domaine de la sant\u00e9 mentale. Par la suite, j&rsquo;ai exerc\u00e9 durant deux ans en service de p\u00e9dopsychiatrie ; d\u2019une part dans un Centre de Soins pour les Adolescents, et d\u2019autre part au sein d\u2019une plateforme D\u00e9partementale de Diagnostic Clinique de l\u2019Autisme. J\u2019ai \u00e9galement travaill\u00e9 au sein d\u2019une unit\u00e9 de R\u00e9habilitation aupr\u00e8s d&rsquo;adultes dans le champ de la sant\u00e9 mentale.<\/p>\n\n\n\n<p style=\"font-size:12px\">J&rsquo;exerce mon activit\u00e9 lib\u00e9rale en cabinet depuis le d\u00e9but de l\u2019ann\u00e9e 2019 ; o\u00f9 je re\u00e7ois <strong><em>des adultes<\/em><\/strong> (<em>\u00e0 partir de 18 ans<\/em>), qui se questionnent sur leur fa\u00e7on de penser, leur mani\u00e8re de fonctionner au quotidien, et\/ou \u00e9prouvent des difficult\u00e9s dans leurs apprentissages ou au travail. Je re\u00e7ois \u00e9galement des personnes qui s\u2019interrogent plus pr\u00e9cis\u00e9ment autour de <strong>l\u2019autisme<\/strong>, du <strong>Haut Potentiel Intellectuel<\/strong>, ainsi que des<strong> troubles attentionnels<\/strong>.<br><br>Par ailleurs, je propose des accompagnements en <strong>Th\u00e9rapie EMDR<\/strong><em> (Eye Movement Desensitization and Reprocessing)<\/em>. J&rsquo;ai effectu\u00e9 ma formation (<em>Niveaux I et II<\/em>) au sein de l&rsquo;\u00c9cole d&rsquo;EMDR, de Psychoth\u00e9rapie Humaniste, Europ\u00e9enne (EDEPHE, <em>Nantes<\/em>).<\/p>\n","protected":false},"excerpt":{"rendered":"<p>Je suis dipl\u00f4m\u00e9e du Master 2 de Psychologie sp\u00e9cialit\u00e9 Neuropsychologie de l\u2019Universit\u00e9 Savoie Mont Blanc de Chamb\u00e9ry (N\u00b0 ADELI : 49 93 1179 3). J\u2019ai effectu\u00e9 des stages professionnalisants, particuli\u00e8rement dans le domaine de la sant\u00e9 mentale. Par la suite, j&rsquo;ai exerc\u00e9 durant deux ans en service de p\u00e9dopsychiatrie ; d\u2019une part dans un Centre &hellip; <\/p>\n","protected":false},"author":1,"featured_media":399,"parent":0,"menu_order":0,"comment_status":"closed","ping_status":"closed","template":"","meta":[],"yoast_head":"<!-- This site is optimized with the Yoast SEO plugin v14.8.1 - https:\/\/yoast.com\/wordpress\/plugins\/seo\/ -->\n<title>Qui suis-je ? - Caroline Boissi\u00e8re \u2022 Psychologue Neuropsychologue<\/title>\n<meta name=\"description\" content=\"Caroline Boissi\u00e8re, Psychologue neuropsychologue \u00e0 Angers. Bilans neuropsychologiques - EMDR - Apprentissages - Haut Potentiel - Autisme\" \/>\n<meta name=\"robots\" content=\"index, follow\" \/>\n<meta name=\"googlebot\" content=\"index, follow, max-snippet:-1, max-image-preview:large, max-video-preview:-1\" \/>\n<meta name=\"bingbot\" content=\"index, follow, max-snippet:-1, max-image-preview:large, max-video-preview:-1\" \/>\n<link rel=\"canonical\" href=\"http:\/\/cfb-neuropsychologue.fr\/index.php\/qui-suis-je\/\" \/>\n<meta property=\"og:locale\" content=\"fr_FR\" \/>\n<meta property=\"og:type\" content=\"article\" \/>\n<meta property=\"og:title\" content=\"Qui suis-je ? - Caroline Boissi\u00e8re \u2022 Psychologue Neuropsychologue\" \/>\n<meta property=\"og:description\" content=\"Caroline Boissi\u00e8re, Psychologue neuropsychologue \u00e0 Angers. Bilans neuropsychologiques - EMDR - Apprentissages - Haut Potentiel - Autisme\" \/>\n<meta property=\"og:url\" content=\"http:\/\/cfb-neuropsychologue.fr\/index.php\/qui-suis-je\/\" \/>\n<meta property=\"og:site_name\" content=\"Caroline Boissi\u00e8re \u2022 Psychologue Neuropsychologue\" \/>\n<meta property=\"article:modified_time\" content=\"2025-10-03T10:15:31+00:00\" \/>\n<meta property=\"og:image\" content=\"https:\/\/cfb-neuropsychologue.fr\/wp-content\/uploads\/2020\/06\/qui-suis-je.jpg\" \/>\n\t<meta property=\"og:image:width\" content=\"450\" \/>\n\t<meta property=\"og:image:height\" content=\"450\" \/>\n<meta name=\"twitter:card\" content=\"summary_large_image\" \/>\n<script type=\"application\/ld+json\" class=\"yoast-schema-graph\">{\"@context\":\"https:\/\/schema.org\",\"@graph\":[{\"@type\":[\"Person\",\"Organization\"],\"@id\":\"https:\/\/cfb-neuropsychologue.fr\/#\/schema\/person\/bbca9f9e376f2cacc0a869e1eb27d296\",\"name\":\"Caroline Boissi\\u00e8re\",\"image\":{\"@type\":\"ImageObject\",\"@id\":\"https:\/\/cfb-neuropsychologue.fr\/#personlogo\",\"inLanguage\":\"fr-FR\",\"url\":\"https:\/\/secure.gravatar.com\/avatar\/1cd1c8de6b430fb9bd6ec3f4a4827438?s=96&d=mm&r=g\",\"caption\":\"Caroline Boissi\\u00e8re\"},\"logo\":{\"@id\":\"https:\/\/cfb-neuropsychologue.fr\/#personlogo\"}},{\"@type\":\"WebSite\",\"@id\":\"https:\/\/cfb-neuropsychologue.fr\/#website\",\"url\":\"https:\/\/cfb-neuropsychologue.fr\/\",\"name\":\"Caroline Boissi\\u00e8re \\u2022 Psychologue Neuropsychologue\",\"description\":\"Angers - centre ville\",\"publisher\":{\"@id\":\"https:\/\/cfb-neuropsychologue.fr\/#\/schema\/person\/bbca9f9e376f2cacc0a869e1eb27d296\"},\"potentialAction\":[{\"@type\":\"SearchAction\",\"target\":\"https:\/\/cfb-neuropsychologue.fr\/?s={search_term_string}\",\"query-input\":\"required name=search_term_string\"}],\"inLanguage\":\"fr-FR\"},{\"@type\":\"ImageObject\",\"@id\":\"http:\/\/cfb-neuropsychologue.fr\/index.php\/qui-suis-je\/#primaryimage\",\"inLanguage\":\"fr-FR\",\"url\":\"https:\/\/cfb-neuropsychologue.fr\/wp-content\/uploads\/2020\/06\/qui-suis-je.jpg\",\"width\":450,\"height\":450},{\"@type\":\"WebPage\",\"@id\":\"http:\/\/cfb-neuropsychologue.fr\/index.php\/qui-suis-je\/#webpage\",\"url\":\"http:\/\/cfb-neuropsychologue.fr\/index.php\/qui-suis-je\/\",\"name\":\"Qui suis-je ? - Caroline Boissi\\u00e8re \\u2022 Psychologue Neuropsychologue\",\"isPartOf\":{\"@id\":\"https:\/\/cfb-neuropsychologue.fr\/#website\"},\"primaryImageOfPage\":{\"@id\":\"http:\/\/cfb-neuropsychologue.fr\/index.php\/qui-suis-je\/#primaryimage\"},\"datePublished\":\"2020-03-20T12:47:49+00:00\",\"dateModified\":\"2025-10-03T10:15:31+00:00\",\"description\":\"Caroline Boissi\\u00e8re, Psychologue neuropsychologue \\u00e0 Angers. Bilans neuropsychologiques - EMDR - Apprentissages - Haut Potentiel - Autisme\",\"inLanguage\":\"fr-FR\",\"potentialAction\":[{\"@type\":\"ReadAction\",\"target\":[\"http:\/\/cfb-neuropsychologue.fr\/index.php\/qui-suis-je\/\"]}]}]}<\/script>\n<!-- \/ Yoast SEO plugin. -->","_links":{"self":[{"href":"https:\/\/cfb-neuropsychologue.fr\/index.php\/wp-json\/wp\/v2\/pages\/27"}],"collection":[{"href":"https:\/\/cfb-neuropsychologue.fr\/index.php\/wp-json\/wp\/v2\/pages"}],"about":[{"href":"https:\/\/cfb-neuropsychologue.fr\/index.php\/wp-json\/wp\/v2\/types\/page"}],"author":[{"embeddable":true,"href":"https:\/\/cfb-neuropsychologue.fr\/index.php\/wp-json\/wp\/v2\/users\/1"}],"replies":[{"embeddable":true,"href":"https:\/\/cfb-neuropsychologue.fr\/index.php\/wp-json\/wp\/v2\/comments?post=27"}],"version-history":[{"count":23,"href":"https:\/\/cfb-neuropsychologue.fr\/index.php\/wp-json\/wp\/v2\/pages\/27\/revisions"}],"predecessor-version":[{"id":514,"href":"https:\/\/cfb-neuropsychologue.fr\/index.php\/wp-json\/wp\/v2\/pages\/27\/revisions\/514"}],"wp:featuredmedia":[{"embeddable":true,"href":"https:\/\/cfb-neuropsychologue.fr\/index.php\/wp-json\/wp\/v2\/media\/399"}],"wp:attachment":[{"href":"https:\/\/cfb-neuropsychologue.fr\/index.php\/wp-json\/wp\/v2\/media?parent=27"}],"curies":[{"name":"wp","href":"https:\/\/api.w.org\/{rel}","templated":true}]}}